{"id":4065,"date":"2022-12-31T11:18:02","date_gmt":"2022-12-31T10:18:02","guid":{"rendered":"https:\/\/scenesennord.com\/dp78842-ovh\/?page_id=4065"},"modified":"2023-11-02T18:41:40","modified_gmt":"2023-11-02T17:41:40","slug":"4065-2","status":"publish","type":"page","link":"https:\/\/scenesennord.com\/dp78842-ovh\/index.php\/4065-2\/","title":{"rendered":"Notre actualit\u00e9"},"content":{"rendered":"\n<div class=\"wp-block-cover\" style=\"min-height:205px;aspect-ratio:unset;\"><span aria-hidden=\"true\" class=\"wp-block-cover__background has-background-dim-100 has-background-dim\" style=\"background-color:#697983\"><\/span><div class=\"wp-block-cover__inner-container is-layout-flow wp-block-cover-is-layout-flow\">\n<p class=\"has-text-align-center has-large-font-size\">Projet et D\u00e9veloppement en 2023 et 2024<\/p>\n<\/div><\/div>\n\n\n\n<hr class=\"wp-block-separator has-alpha-channel-opacity\"\/>\n\n\n\n<div class=\"wp-block-columns is-layout-flex wp-container-core-columns-is-layout-9d6595d7 wp-block-columns-is-layout-flex\">\n<div class=\"wp-block-column is-layout-flow wp-block-column-is-layout-flow\" style=\"flex-basis:5%\"><\/div>\n\n\n\n<div class=\"wp-block-column is-layout-flow wp-block-column-is-layout-flow\" style=\"flex-basis:90%\">\n<h3 class=\"wp-block-heading has-text-align-center has-pale-cyan-blue-color has-text-color\"><strong>EVENEMENTS &#8211; Automne Hiver 2023 vers 2024, ann\u00e9e de notre 40<em>\u00a0\u00e8me<\/em>\u00a0anniversaire<\/strong><\/h3>\n\n\n\n<p><strong><u>Cet&nbsp;&nbsp;Automne, une programmation fastueuse<\/u><\/strong><\/p>\n\n\n\n<p>Samedi 23 septembre 2023, \u00e0 20 H 30<\/p>\n\n\n\n<p>WOMEN VOICES &#8211; POESIES DE VIE , TRIO NUIT D&rsquo;ETE , SALLE DES F\u00caTES DE WAMBRECHIES<\/p>\n\n\n\n<p class=\"has-vivid-red-color has-text-color\">Une magnifique d\u00e9couverte avec de cet ensemble original que vous retrouvez aussi le 3 d\u00e9cembre 2023 \u00e0 Erqhuinghem-Lys<\/p>\n\n\n\n<hr class=\"wp-block-separator has-alpha-channel-opacity\"\/>\n\n\n\n<p>Mardi 26 septembre 2023, \u00e0 20 H 00<\/p>\n\n\n\n<p>SAMBA PASSION, Samba Br\u00e9silienne, SALLE AGORALYS-ERCANSCENE&nbsp;<\/p>\n\n\n\n<p class=\"has-vivid-red-color has-text-color\"><strong>ERQUINGHEM-LYS<\/strong> &#8211;\u00a0\u00a0Ambiance festive avec ce groupe que nous avons pr\u00e9sent\u00e9 cet \u00e9t\u00e9 au Fort du Vert Galant \u00e0 Wambrechies<\/p>\n\n\n\n<hr class=\"wp-block-separator has-alpha-channel-opacity\"\/>\n\n\n\n<p>Vendredi 29 septembre 2023, \u00e0 19 H<\/p>\n\n\n\n<p>Couleurs d\u2019 Am\u00e9rique Latine<\/p>\n\n\n\n<p>Elvita Delgado et Franklin Lozada&nbsp;,&nbsp;LE CEANOTHE, HAUBOURDIN<\/p>\n\n\n\n<p class=\"has-vivid-red-color has-text-color\">Elvita et Franklin subliment les chansons du V\u00e9n\u00e9zuela&nbsp;<\/p>\n\n\n\n<hr class=\"wp-block-separator has-alpha-channel-opacity\"\/>\n\n\n\n<p>Vendredi 13 Octobre&nbsp;2023, \u00e0 20 H 30<\/p>\n\n\n\n<p>WOMEN VOICES &#8211;&nbsp;KURT WEIL L&rsquo;ENCHANTEUR, &nbsp;SALLE DES F\u00caTES DE WAMBRECHIES<\/p>\n\n\n\n<p class=\"has-vivid-red-color has-text-color\">Une programmation incroyable sign\u00e9e Jean Christophe Rigaud qui fait red\u00e9couvrir Kurt Weill \u00e0 travers deux sopranos de grand talent.<\/p>\n\n\n\n<hr class=\"wp-block-separator has-alpha-channel-opacity\"\/>\n\n\n\n<p>Mardi 17 Octobre&nbsp;2023, \u00e0 20 H 30<\/p>\n\n\n\n<p>L&rsquo;OISEAU RAVAGE,&nbsp;SALLE AGORALYS-ERCANSCENE ,&nbsp;ERQUINGHEM-LYS<\/p>\n\n\n\n<p class=\"has-vivid-red-color has-text-color\">Une autre d\u00e9couverte sensationnelle.<\/p>\n\n\n\n<hr class=\"wp-block-separator has-alpha-channel-opacity\"\/>\n\n\n\n<p>Vendredi 27 octobre 2023, \u00e0 19 H&nbsp;<\/p>\n\n\n\n<p>Laura Lago et Angelo Zurzolo,&nbsp;\u00ab&nbsp;DEUX \u00bb&nbsp;LE CEANOTHE, HAUBOURDIN<\/p>\n\n\n\n<p class=\"has-vivid-red-color has-text-color\">D\u00e9licatesse, hispanit\u00e9, des duos d\u2019amour comme vous en entendez rarement.<\/p>\n\n\n\n<hr class=\"wp-block-separator has-alpha-channel-opacity\"\/>\n\n\n\n<p>Samedi 11&nbsp;Novembre 2023, \u00e0 20 H 00<\/p>\n\n\n\n<p>JOHN NEMETH- BLUES &#8211; &nbsp;SALLE DES F\u00caTES DE WAMBRECHIES<\/p>\n\n\n\n<p class=\"has-vivid-red-color has-text-color\">Le retour dans le festival de ce grand blues man am\u00e9ricain..<\/p>\n\n\n\n<hr class=\"wp-block-separator has-alpha-channel-opacity\"\/>\n\n\n\n<p>Dimanche 12 Novembre 2023, \u00e0 16 H 30<\/p>\n\n\n\n<p>WOMEN VOICES &#8211;&nbsp;TRIBUTE TO BILLIE HOLIDAY &#8211; &nbsp;SALLE DES F\u00caTES DE WAMBRECHIES<\/p>\n\n\n\n<p class=\"has-vivid-red-color has-text-color\">Une grande artiste su\u00e9dois chante&nbsp;Billie Holiday&nbsp;:&nbsp;&nbsp;un concert qui impose une nouvelle approche fondamentale de la chanteuse am\u00e9ricaine.&nbsp;<\/p>\n\n\n\n<hr class=\"wp-block-separator has-alpha-channel-opacity\"\/>\n\n\n\n<p>Vendredi 24 Novembre 2023, \u00e0 19 H&nbsp;<\/p>\n\n\n\n<p>C\u00e9cile A.&nbsp;\u00ab&nbsp;HOPE&nbsp;\u00bb,&nbsp;LE CEANOTHE, HAUBOURDIN<\/p>\n\n\n\n<p class=\"has-vivid-red-color has-text-color\">Le retour dans le festival de ce grand blues man am\u00e9ricain..<\/p>\n\n\n\n<hr class=\"wp-block-separator has-alpha-channel-opacity\"\/>\n\n\n\n<p>Dimanche 3 D\u00e9cembre 2023, \u00e0 16 H 30<\/p>\n\n\n\n<p>WOMEN VOICES&nbsp;&#8211; POESIES DE VIE , TRIO NUIT D&rsquo;ETE &#8211;&nbsp;&nbsp;SALLE AGORALYS-ERCANSCENE ,&nbsp;ERQUINGHEM-LYS<\/p>\n\n\n\n<p class=\"has-vivid-red-color has-text-color\">Une fresque originale entre la musique classique et latinit\u00e9<\/p>\n\n\n\n<hr class=\"wp-block-separator has-alpha-channel-opacity\"\/>\n\n\n\n<p>Vendredi 15&nbsp;D\u00e9cembre 2023, \u00e0 20 H 30<\/p>\n\n\n\n<p>WELCOME TO BROADWAY, &nbsp;LES SOMMETS DE LA COM\u00c9DIE MUSICALE &#8211;&nbsp;&nbsp;SALLE AGORALYS-ERCANSCENE ,&nbsp;ERQUINGHEM-LYS<\/p>\n\n\n\n<p class=\"has-vivid-red-color has-text-color\">Quatre grands solistes d\u2019op\u00e9ra pour red\u00e9couvrir l\u2019ambiance et des grands titres de la com\u00e9die musicale.<\/p>\n\n\n\n<hr class=\"wp-block-separator has-alpha-channel-opacity\"\/>\n\n\n\n<p>Dimanche 17&nbsp;D\u00e9cembre 2023, \u00e0 16 H 30<\/p>\n\n\n\n<p>THE HOBBOES &#8211;&nbsp;&nbsp;SALLE AGORALYS-ERCANSCENE ,&nbsp;ERQUINGHEM-LYS<\/p>\n\n\n\n<p class=\"has-vivid-red-color has-text-color\">Un clin d\u2019\u0153il et une ambiance incomparable pour les amoureux de la musique country<\/p>\n\n\n\n<hr class=\"wp-block-separator has-alpha-channel-opacity\"\/>\n<\/div>\n\n\n\n<div class=\"wp-block-column is-layout-flow wp-block-column-is-layout-flow\" style=\"flex-basis:5%\"><\/div>\n<\/div>\n\n\n\n<hr class=\"wp-block-separator has-alpha-channel-opacity is-style-wide\"\/>\n\n\n\n<div class=\"wp-block-columns is-layout-flex wp-container-core-columns-is-layout-9d6595d7 wp-block-columns-is-layout-flex\">\n<div class=\"wp-block-column is-layout-flow wp-block-column-is-layout-flow\" style=\"flex-basis:5%\"><\/div>\n\n\n\n<div class=\"wp-block-column is-layout-flow wp-block-column-is-layout-flow\" style=\"flex-basis:90%\">\n<p style=\"font-size:17px\"><strong><u>En devenant adh\u00e9rent, profitez gratuitement de la r\u00e9p\u00e9tition g\u00e9n\u00e9rale de African Singers le lundi 13 Novembre prochain \u00e0 Agoralys -Ercansc\u00e8ne \u00e0 Erquinghem\/Lys<\/u><\/strong><\/p>\n\n\n\n<p style=\"font-size:17px\"><strong>A la travers son action culturelle, notre association participe \u00e0 prot\u00e9ger la libert\u00e9 d\u2019expression et d\u2019action de chacun&nbsp;:&nbsp; libert\u00e9 de parole, libert\u00e9 de ton, libert\u00e9 de couleur, libert\u00e9 de projet.<\/strong><\/p>\n\n\n\n<p style=\"font-size:17px\">Notre engagement artistique s\u2019inscrit dans la d\u00e9fense des libert\u00e9s fondamentales, nos actions&nbsp;<strong>permettant l\u2019\u00e9veil de tous, notamment des plus jeunes.<\/strong><\/p>\n\n\n\n<p style=\"font-size:17px\">Cette libert\u00e9 est le fondement d\u2019une soci\u00e9t\u00e9 tol\u00e9rante .<\/p>\n\n\n\n<p style=\"font-size:17px\">Cet engagement s\u2019inscrit&nbsp;&nbsp;dans une vision large de la culture.<\/p>\n\n\n\n<p class=\"has-text-align-justify\" style=\"font-size:17px\"><strong>Chaque culture est le socle&nbsp;premier&nbsp;&nbsp;qui permet le langage comme l\u2019\u00e9panouissement personnel et collectif.&nbsp;<\/strong>Parfois tiraill\u00e9s entre l\u2019envie de partager et la peur de l\u2019\u00e9volution du monde, on peut \u00eatre tent\u00e9 de se recroqueviller.&nbsp; Or, si il est important de d\u00e9fendre les acquis de notre culture, il est aussi tr\u00e8s important d\u2019 aller \u00e0 la d\u00e9couverte de l\u2019autre, quelle que soit la distance qui nous en s\u00e9pare.<\/p>\n\n\n\n<p style=\"font-size:17px\"><strong>L\u2019\u00e9quilibre que nous recherchon<\/strong>s se situe au carrefour de 3 objectifs&nbsp; :<\/p>\n\n\n\n<p style=\"font-size:17px\">&#8211;&nbsp;&nbsp;&nbsp;&nbsp;&nbsp;&nbsp;&nbsp;<strong>mettre en valeur et prot\u00e9ger notre patrimoine culturel et artistique (<\/strong>&nbsp;nos concerts de musique classique et de musique sacr\u00e9e, nos actions reliant l\u2019art, le patrimoine )<\/p>\n\n\n\n<p style=\"font-size:17px\">&#8211;&nbsp;&nbsp;&nbsp;&nbsp;&nbsp;&nbsp;&nbsp;<strong>aller \u00e0<\/strong>&nbsp;<strong>la rencontre de Toutes les cultures<\/strong>, faire partager la passion de d\u00e9couvrir ces cultures&nbsp;: le partage des savoirs peut apporter intelligence du monde,&nbsp; cr\u00e9ativit\u00e9, humanit\u00e9 et tol\u00e9rance<\/p>\n\n\n\n<p class=\"has-text-align-justify\" style=\"font-size:17px\">&#8211;&nbsp;&nbsp;&nbsp;&nbsp;&nbsp;&nbsp;&nbsp;<strong>s\u2019inscrire dans toutes les dimensions de la soci\u00e9t\u00e9&nbsp;<\/strong>&nbsp;:&nbsp;&nbsp;comme nos actions vers les coll\u00e9giens&nbsp;au sein m\u00eame&nbsp;des \u00e9tablissements scolaires; nos actions vers les personnes en situation de handicap avec Les Papillons Blancs de Lille, celles pour les personnes \u00e9conomiquement d\u00e9favoris\u00e9es&nbsp;gr\u00e2ce \u00e0 la&nbsp;mise en place du Cabaret Solidaire,&nbsp; ou encore le soutien aux actions artistiques engag\u00e9es&nbsp;comme celle&nbsp;du MAELSTR\u00d6M th\u00e9\u00e2tre<\/p>\n\n\n\n<p style=\"font-size:17px\">&#8211;&nbsp;&nbsp;&nbsp;&nbsp;&nbsp;&nbsp;&nbsp;<strong>cr\u00e9er des \u00e9v\u00e8nements au croisement de la vision du mondes r\u00e9els mais diff\u00e9rents, et qui tr\u00e8s souvent ne se regardent plus vraiment&nbsp;<\/strong>(comme par exemple celle de la culture, celle de la solidarit\u00e9, celle de l\u2019entreprise\u2026.)<\/p>\n\n\n\n<p style=\"font-size:17px\"><strong><em>PROJETS \u2013 Huit secteurs d\u2019activit\u00e9 et festivals composeront Sc\u00e8nes en Nord en 2024 ( en cours de programmation)<\/em><\/strong><\/p>\n\n\n\n<p style=\"font-size:17px\">&nbsp;&nbsp;&nbsp;&nbsp;&nbsp;&nbsp;&nbsp;&nbsp;&nbsp;&nbsp;&nbsp;&nbsp;<strong>\u00ab&nbsp;40 ANNEES DE CULTURE&nbsp;!&nbsp;\u00bb<\/strong>&nbsp;UN EVENEMENT QUI SERA PROGRAMME SUR CHAQUE TERRITOIRE POUR<strong>&nbsp;F\u00caTER 40 ANNEES D\u2019ACTION CULTURELLE SUR LE NORD DE LA France<\/strong><\/p>\n<\/div>\n\n\n\n<div class=\"wp-block-column is-layout-flow wp-block-column-is-layout-flow\" style=\"flex-basis:5%\"><\/div>\n<\/div>\n\n\n\n<p class=\"has-vivid-red-color has-text-color\" style=\"font-size:17px\">Il f\u00e9d\u00e8rera&nbsp;<strong>une s\u00e9lection d\u2019\u00e9v\u00e8nements programm\u00e9s dans chacun des festivals ci-dessous, qui compose \u00ab&nbsp;Sc\u00e8nes en Nord&nbsp;\u00bb.<\/strong><\/p>\n\n\n\n<ul class=\"wp-block-list\">\n<li>le&nbsp;<strong>Seven Nights to Blues Festival<\/strong>&nbsp;(St Andr\u00e9, Bergues et autres villes) (18\u00e8me ann\u00e9e)<\/li>\n\n\n\n<li>les&nbsp;<strong>concerts Women Voices<\/strong>&nbsp;\u00e0 Wambrechies (3\u00e8me \u00e9dition \u00e0 l\u2019Automne 2023)<\/li>\n\n\n\n<li>le&nbsp;<strong>Pi\u0144ata latino festival<\/strong>, festival Latino-Am\u00e9ricain \u00e0 Wambrechies (3\u00e8me \u00e9dition en 2023)<\/li>\n\n\n\n<li>les&nbsp;<strong>Cabarets Solidaires<\/strong>, que nous souhaitons \u00e9tendre en 2024 (apr\u00e8s un lancement \u00e0 Roubaix en 2022 et 2023 avec le Secours Populaire de Roubaix)<\/li>\n\n\n\n<li>les&nbsp;<strong>\u00ab&nbsp;Vendredi du C\u00e9anothe\u00bb,&nbsp;<\/strong>chaque dernier vendredi du mois, jusque Juillet 2023<strong>,&nbsp;<\/strong>au C\u00e9anothe \u00e0 Haubourdin, tiers lieu lanc\u00e9 par les Papillons Blancs de Lille<\/li>\n\n\n\n<li>les&nbsp;<strong>Sc\u00e8nes d\u2019Automne \u00e0 Erquinghem-Lys<\/strong>&nbsp;(13 \u00e9me ann\u00e9e) \/<\/li>\n\n\n\n<li><strong>l\u2019Alouette Badine<\/strong>,&nbsp;<strong><em>festival des musiques du monde, du spirituel et de l\u2019imaginaire<\/em><\/strong>&nbsp;sur Bergues et communes voisines (seconde \u00e9dition en 2024)<\/li>\n\n\n\n<li><strong>le \u00ab&nbsp;Festival des 7 continents&nbsp;\u00bb&nbsp;<\/strong>chaque ann\u00e9e, lorsque possible (disponibilit\u00e9 du Coll\u00e8ge), dans un coll\u00e8ge du d\u00e9partement du Nord.<\/li>\n<\/ul>\n\n\n\n<p><\/p>\n\n\n\n<hr class=\"wp-block-separator has-alpha-channel-opacity is-style-wide\"\/>\n\n\n\n<p class=\"has-medium-font-size\"><\/p>\n","protected":false},"excerpt":{"rendered":"<p>EVENEMENTS &#8211; Automne Hiver 2023 vers 2024, ann\u00e9e de notre 40\u00a0\u00e8me\u00a0anniversaire Cet&nbsp;&nbsp;Automne, une programmation fastueuse Samedi 23 septembre 2023, \u00e0 20 H 30 WOMEN VOICES &#8211; POESIES DE VIE , TRIO NUIT D&rsquo;ETE , SALLE DES F\u00caTES DE WAMBRECHIES Une&#8230;<\/p>\n","protected":false},"author":1,"featured_media":0,"parent":0,"menu_order":0,"comment_status":"closed","ping_status":"closed","template":"","meta":{"_editorskit_title_hidden":false,"_editorskit_reading_time":5,"_editorskit_is_block_options_detached":false,"_editorskit_block_options_position":"{}","footnotes":""},"class_list":["post-4065","page","type-page","status-publish","hentry"],"_links":{"self":[{"href":"https:\/\/scenesennord.com\/dp78842-ovh\/index.php\/wp-json\/wp\/v2\/pages\/4065","targetHints":{"allow":["GET"]}}],"collection":[{"href":"https:\/\/scenesennord.com\/dp78842-ovh\/index.php\/wp-json\/wp\/v2\/pages"}],"about":[{"href":"https:\/\/scenesennord.com\/dp78842-ovh\/index.php\/wp-json\/wp\/v2\/types\/page"}],"author":[{"embeddable":true,"href":"https:\/\/scenesennord.com\/dp78842-ovh\/index.php\/wp-json\/wp\/v2\/users\/1"}],"replies":[{"embeddable":true,"href":"https:\/\/scenesennord.com\/dp78842-ovh\/index.php\/wp-json\/wp\/v2\/comments?post=4065"}],"version-history":[{"count":58,"href":"https:\/\/scenesennord.com\/dp78842-ovh\/index.php\/wp-json\/wp\/v2\/pages\/4065\/revisions"}],"predecessor-version":[{"id":4600,"href":"https:\/\/scenesennord.com\/dp78842-ovh\/index.php\/wp-json\/wp\/v2\/pages\/4065\/revisions\/4600"}],"wp:attachment":[{"href":"https:\/\/scenesennord.com\/dp78842-ovh\/index.php\/wp-json\/wp\/v2\/media?parent=4065"}],"curies":[{"name":"wp","href":"https:\/\/api.w.org\/{rel}","templated":true}]}}