{"id":3800,"date":"2022-09-01T02:26:00","date_gmt":"2022-09-01T00:26:00","guid":{"rendered":"https:\/\/scenesennord.com\/dp78842-ovh\/?page_id=3800"},"modified":"2022-12-30T15:14:40","modified_gmt":"2022-12-30T14:14:40","slug":"tous-les-spectacles-concerts","status":"publish","type":"page","link":"https:\/\/scenesennord.com\/dp78842-ovh\/index.php\/tous-les-spectacles-concerts\/","title":{"rendered":"Tous les spectacles &#038; concerts"},"content":{"rendered":"<p>[vc_row full_width=\u00a0\u00bbstretch_row_content_no_spaces\u00a0\u00bb overflow-status=\u00a0\u00bbgt-overflow-visible\u00a0\u00bb][vc_column]<div class=\"gt-event-search-tool gt-dark gt-style-2\" style=\"background-image:url(https:\/\/scenesennord.com\/wp-content\/uploads\/2022\/01\/titlebar-bg.jpg);\"><div class=\"gt-form container\"><form method=\"get\" action=\"https:\/\/scenesennord.com\/dp78842-ovh\/index.php\/tous-les-spectacles-concerts\/\"><div class=\"search-content\"><div class=\"gt-columns gt-column-4 gt-columns-center gt-column-space-15\"><div class=\"gt-col\"><div class=\"gt-inner\"><input name=\"keyword\" type=\"text\" placeholder=\"nom de l&#039;\u00e9v\u00e9nement\" value=\"\"><\/div><\/div><div class=\"gt-col\"><div class=\"gt-inner\"><select name=\"category\" class=\"gt-select\" data-live-search=\"false\"><option value=\"\">Category<\/option><option value=\"141\">BLUES<\/option><option value=\"395\">BLUES ELECTRIQUE<\/option><option value=\"205\">CELTIC<\/option><option value=\"320\">CHANSON FRANCAISE<\/option><option value=\"153\">CLASSIQUE<\/option><option value=\"184\">CLASSIQUE-LYRIQUE<\/option><option value=\"142\">CONCERTS<\/option><option value=\"194\">COUNTRY<\/option><option value=\"391\">COUNTRY BLUES<\/option><option value=\"338\">F\u00caTES<\/option><option value=\"193\">FOLK<\/option><option value=\"392\">FOLK AMOURISTIQUE<\/option><option value=\"189\">GOSPEL<\/option><option value=\"206\">IRISH MUSIC<\/option><option value=\"182\">JAZZ<\/option><option value=\"339\">JEUX<\/option><option value=\"183\">LYRIQUE<\/option><option value=\"332\">MAGHREB<\/option><option value=\"330\">MUSIQUE BAROQUE<\/option><option value=\"199\">MUSIQUE IRLANDAISE<\/option><option value=\"331\">MUSIQUE ORIENTALE<\/option><option value=\"181\">MUSIQUES ACTUELLES<\/option><option value=\"333\">OCCITANIE<\/option><option value=\"195\">OPERA<\/option><option value=\"319\">PIANO<\/option><option value=\"188\">POP<\/option><option value=\"197\">ROOT<\/option><option value=\"187\">SOUL<\/option><option value=\"208\">Spectacle<\/option><option value=\"209\">SPECTACLE MUSICAL<\/option><option value=\"152\">THEATRE<\/option><\/select><\/div><\/div><div class=\"gt-col\"><div class=\"gt-inner\"><select name=\"location\" class=\"gt-select\" data-live-search=\"false\"><option value=\"\">Location<\/option><option value=\"192\">Au tiers lieu culturel \u00ab LE CEANOTHE \u00bb<\/option><option value=\"190\">BERGUES - SALLE EMMANUEL LOOTEN<\/option><option value=\"325\">CAFE DES ORGUES<\/option><option value=\"363\">\u00c9glise Notre-Dame de l&#039;Assomption<\/option><option value=\"344\">\u00c9GLISE SAINT ANDR\u00c9<\/option><option value=\"362\">EGLISE SAINT MARTIN<\/option><option value=\"327\">EGLISE SAINT VAAST<\/option><option value=\"323\">\u00c9GLISE St G\u00e9rard \u00e0 Hoymille<\/option><option value=\"202\">EGLISE ST MARTIN<\/option><option value=\"329\">EGLISE ST OMER<\/option><option value=\"203\">Espace Raymond Devos<\/option><option value=\"196\">ESTAMINET - Des Mots \u00e0 la Bouche<\/option><option value=\"207\">Fort du Vert Galant<\/option><option value=\"335\">GALERIE SEPTENTRION<\/option><option value=\"346\">H\u00d4TEL MERCURE<\/option><option value=\"200\">JARDIN DU MUSEE<\/option><option value=\"204\">JARDIN DU MUSEE DE BERGUES<\/option><option value=\"355\">JARDIN DU MUSEE JEANNE DEVOS ( sous chapiteau )<\/option><option value=\"198\">MARCQ EN BAROEUL - SALONS DE L\u2019H\u00d4TEL MERCURE - MARCQ EN BAROEUL<\/option><option value=\"334\">M\u00e9diath\u00e8que de Wormhout<\/option><option value=\"354\">PARC derri\u00e8re la salle Wauquier<\/option><option value=\"336\">Place du March\u00e9 \u00e0 Herzeele<\/option><option value=\"191\">SAINT-ANDRE-LEZ-LILLE - SALLE ANDRE WAUQUIER<\/option><option value=\"150\">SALLE AGORALYS ERCANSCENE<\/option><option value=\"321\">SALLE DES F\u00caTES DE HOYMILLE<\/option><option value=\"180\">SALLE DES F\u00caTES DE WAMBRECHIES<\/option><option value=\"324\">SALLE DES GARDES (entr\u00e9e derri\u00e8re la Mairie)<\/option><option value=\"364\">Salle du 11 rue de Ledringhem<\/option><option value=\"322\">SALLE ESPACE YSERHOF<\/option><option value=\"394\">SALLE L&#039;UNIVERSELLE<\/option><option value=\"326\">Salle PAROISSIALE - BERGUES<\/option><option value=\"328\">SALLE SAINT MARTIN<\/option><option value=\"201\">SALLLE DU RESTAURANT SCOLAIRE<\/option><option value=\"210\">SECOURS POPULAIRE DE ROUBAIX<\/option><option value=\"393\">VILLAGE DES METIERS D&#039;ART<\/option><\/select><\/div><\/div><div class=\"gt-col\"><div class=\"gt-inner\"><select name=\"organizer\" class=\"gt-select\" data-live-search=\"false\"><option value=\"\">Organizer<\/option><option value=\"149\">Association CULTURES NOUVELLES<\/option><option value=\"186\">Association LES JARDINS DE LA LUNE<\/option><option value=\"185\">BLUES &amp; JAZZ FESTIVAL<\/option><\/select><\/div><\/div><div class=\"gt-col\"><div class=\"gt-inner\"><input type=\"text\" name=\"startdate\" autocomplete=\"off\" class=\"eventsearchdate-datepicker\" placeholder=\"Start Date\" value=\"\" \/><\/div><\/div><div class=\"gt-col\"><div class=\"gt-inner\"><input type=\"text\" name=\"enddate\" autocomplete=\"off\" class=\"eventsearchdate-datepicker\" placeholder=\"End Date\" value=\"\" \/><\/div><\/div><div class=\"gt-col\"><div class=\"gt-inner\"><select name=\"sort\" class=\"gt-select\" data-live-search=\"false\"><option value=\"\">Sort by<\/option><option value=\"start-date\">Start Date<\/option><option value=\"added-date\">Added Date<\/option><option value=\"name-az\">Name A &gt; Z<\/option><option value=\"name-za\">Name Z &gt; A<\/option><\/select><\/div><\/div><div class=\"gt-col\"><div class=\"gt-inner\"><button type=\"submit\" class=\"gt-submit\">Search<\/button><\/div><\/div><\/div><\/div><\/form><\/div><\/div>[vc_empty_space height=\u00a0\u00bb20px\u00a0\u00bb][\/vc_column][\/vc_row][vc_row][vc_column][vc_row_inner disable_element=\u00a0\u00bbyes\u00a0\u00bb][vc_column_inner width=\u00a0\u00bb1\/3&Prime;]<div class=\"gt-button gt-style-3 gt-align-center gt-inline-true gt-margin-true\"><a href=\"https:\/\/scenesennord.com\/dp78842-ovh\/index.php\/tous-les-spectacles-concerts\/\" target=\"_parent\"><i class=\"fa-solid fa-masks-theater\"><\/i><span>Tous les spectacles &amp; concerts<\/span><\/a><\/div>[\/vc_column_inner][vc_column_inner width=\u00a0\u00bb1\/3&Prime;]<div class=\"gt-button gt-style-3 gt-align-center gt-inline-true gt-margin-true\"><a href=\"https:\/\/scenesennord.com\/dp78842-ovh\/index.php\/calendrier\/\" target=\"_parent\"><i class=\"fa-solid fa-calendar-days\"><\/i><span>Calendrier annuel<\/span><\/a><\/div>[\/vc_column_inner][vc_column_inner width=\u00a0\u00bb1\/3&Prime;][\/vc_column_inner][\/vc_row_inner][vc_empty_space height=\u00a0\u00bb30px\u00a0\u00bb]<div class=\"gt-event-search-results\"><div class=\"gt-columns gt-column-3 gt-column-space-30\"><div class=\"gt-col\"><div class=\"gt-inner\"><div class=\"gt-event-style-1\" data-event-id=\"6476\"><div class=\"gt-image\"><a href=\"https:\/\/scenesennord.com\/dp78842-ovh\/index.php\/event\/vivaldi-bach-un-monde-de-lumiere\/\"><img fetchpriority=\"high\" decoding=\"async\" width=\"952\" height=\"579\" src=\"https:\/\/scenesennord.com\/wp-content\/uploads\/2026\/03\/photo-double-Yvain-Delahousse-et-Emmanuel-Rousson-MOYEN-FORMAT-952x579.jpg\" class=\"attachment-eventchamp-event-list size-eventchamp-event-list wp-post-image\" alt=\"\" srcset=\"https:\/\/scenesennord.com\/wp-content\/uploads\/2026\/03\/photo-double-Yvain-Delahousse-et-Emmanuel-Rousson-MOYEN-FORMAT-952x579.jpg 952w, https:\/\/scenesennord.com\/wp-content\/uploads\/2026\/03\/photo-double-Yvain-Delahousse-et-Emmanuel-Rousson-MOYEN-FORMAT-130x80.jpg 130w\" sizes=\"(max-width: 952px) 100vw, 952px\" \/><\/a><div class=\"gt-event-status\">A venir<\/div><\/div><div class=\"gt-title\"><a href=\"https:\/\/scenesennord.com\/dp78842-ovh\/index.php\/event\/vivaldi-bach-un-monde-de-lumiere\/\">Vivaldi Bach, un monde de lumi\u00e8re<\/a><\/div><div class=\"gt-details\"><div class=\"gt-category\"><ul><li class=\"gt-category-142\"><a href=\"https:\/\/scenesennord.com\/dp78842-ovh\/index.php\/eventcat\/concerts\/?post_type=event\">CONCERTS<\/a><\/li><li class=\"gt-category-391\"><a href=\"https:\/\/scenesennord.com\/dp78842-ovh\/index.php\/eventcat\/country-blues\/?post_type=event\">COUNTRY BLUES<\/a><\/li><li class=\"gt-category-392\"><a href=\"https:\/\/scenesennord.com\/dp78842-ovh\/index.php\/eventcat\/folk-amouristique\/?post_type=event\">FOLK AMOURISTIQUE<\/a><\/li><\/ul><\/div><div class=\"gt-date gt-start-date\"><svg xmlns=\"http:\/\/www.w3.org\/2000\/svg\" viewBox=\"0 0 24 24\" fill=\"none\" stroke=\"currentColor\" stroke-width=\"2\" stroke-linecap=\"round\" stroke-linejoin=\"round\"><rect x=\"3\" y=\"4\" width=\"18\" height=\"18\" rx=\"2\" ry=\"2\"><\/rect><line x1=\"16\" y1=\"2\" x2=\"16\" y2=\"6\"><\/line><line x1=\"8\" y1=\"2\" x2=\"8\" y2=\"6\"><\/line><line x1=\"3\" y1=\"10\" x2=\"21\" y2=\"10\"><\/line><\/svg><span>23 avril 2026<\/span><\/div><div class=\"gt-location\"><svg xmlns=\"http:\/\/www.w3.org\/2000\/svg\" viewBox=\"0 0 24 24\" fill=\"none\" stroke=\"currentColor\" stroke-width=\"2\" stroke-linecap=\"round\" stroke-linejoin=\"round\"><path d=\"M21 10c0 7-9 13-9 13s-9-6-9-13a9 9 0 0 1 18 0z\"><\/path><circle cx=\"12\" cy=\"10\" r=\"3\"><\/circle><\/svg><ul><li class=\"gt-location-393\"><a href=\"https:\/\/scenesennord.com\/dp78842-ovh\/index.php\/location\/village-des-metiers-dart\/?post_type=event\">VILLAGE DES METIERS D&#039;ART<\/a><\/li><\/ul><\/div><\/div><div class=\"gt-text\">N\u00e9 \u00e0 Lille en 1988, Yvain Delahousse est l\u2019un des rares violistes d\u2019amour fran\u00e7ais d\u2019aujourd\u2019hui. Artiste curieux et singulier, il d\u00e9fend une vision moderne et vivante de cet instrument fascinant, \u00e0 la crois\u00e9e du pass\u00e9 et du pr\u00e9sent.<\/div><\/div><\/div><\/div><div class=\"gt-col\"><div class=\"gt-inner\"><div class=\"gt-event-style-1\" data-event-id=\"6487\"><div class=\"gt-image\"><a href=\"https:\/\/scenesennord.com\/dp78842-ovh\/index.php\/event\/de-la-renaissance-aux-temps-modernes\/\"><img fetchpriority=\"high\" decoding=\"async\" width=\"952\" height=\"579\" src=\"https:\/\/scenesennord.com\/wp-content\/uploads\/2026\/03\/photo-double-Yvain-Delahousse-et-Emmanuel-Rousson-MOYEN-FORMAT-952x579.jpg\" class=\"attachment-eventchamp-event-list size-eventchamp-event-list wp-post-image\" alt=\"\" srcset=\"https:\/\/scenesennord.com\/wp-content\/uploads\/2026\/03\/photo-double-Yvain-Delahousse-et-Emmanuel-Rousson-MOYEN-FORMAT-952x579.jpg 952w, https:\/\/scenesennord.com\/wp-content\/uploads\/2026\/03\/photo-double-Yvain-Delahousse-et-Emmanuel-Rousson-MOYEN-FORMAT-130x80.jpg 130w\" sizes=\"(max-width: 952px) 100vw, 952px\" \/><\/a><div class=\"gt-event-status\">A venir<\/div><\/div><div class=\"gt-title\"><a href=\"https:\/\/scenesennord.com\/dp78842-ovh\/index.php\/event\/de-la-renaissance-aux-temps-modernes\/\">De la renaissance aux temps modernes<\/a><\/div><div class=\"gt-details\"><div class=\"gt-category\"><ul><li class=\"gt-category-142\"><a href=\"https:\/\/scenesennord.com\/dp78842-ovh\/index.php\/eventcat\/concerts\/?post_type=event\">CONCERTS<\/a><\/li><li class=\"gt-category-391\"><a href=\"https:\/\/scenesennord.com\/dp78842-ovh\/index.php\/eventcat\/country-blues\/?post_type=event\">COUNTRY BLUES<\/a><\/li><li class=\"gt-category-392\"><a href=\"https:\/\/scenesennord.com\/dp78842-ovh\/index.php\/eventcat\/folk-amouristique\/?post_type=event\">FOLK AMOURISTIQUE<\/a><\/li><\/ul><\/div><div class=\"gt-date gt-start-date\"><svg xmlns=\"http:\/\/www.w3.org\/2000\/svg\" viewBox=\"0 0 24 24\" fill=\"none\" stroke=\"currentColor\" stroke-width=\"2\" stroke-linecap=\"round\" stroke-linejoin=\"round\"><rect x=\"3\" y=\"4\" width=\"18\" height=\"18\" rx=\"2\" ry=\"2\"><\/rect><line x1=\"16\" y1=\"2\" x2=\"16\" y2=\"6\"><\/line><line x1=\"8\" y1=\"2\" x2=\"8\" y2=\"6\"><\/line><line x1=\"3\" y1=\"10\" x2=\"21\" y2=\"10\"><\/line><\/svg><span>24 avril 2026<\/span><\/div><div class=\"gt-location\"><svg xmlns=\"http:\/\/www.w3.org\/2000\/svg\" viewBox=\"0 0 24 24\" fill=\"none\" stroke=\"currentColor\" stroke-width=\"2\" stroke-linecap=\"round\" stroke-linejoin=\"round\"><path d=\"M21 10c0 7-9 13-9 13s-9-6-9-13a9 9 0 0 1 18 0z\"><\/path><circle cx=\"12\" cy=\"10\" r=\"3\"><\/circle><\/svg><ul><li class=\"gt-location-192\"><a href=\"https:\/\/scenesennord.com\/dp78842-ovh\/index.php\/location\/au-tiers-lieu-culturel-le-ceanothe\/?post_type=event\">Au tiers lieu culturel \u00ab LE CEANOTHE \u00bb<\/a><\/li><\/ul><\/div><\/div><div class=\"gt-text\">N\u00e9 \u00e0 Lille en 1988, Yvain Delahousse est l\u2019un des rares violistes d\u2019amour fran\u00e7ais d\u2019aujourd\u2019hui. Artiste curieux et singulier, il d\u00e9fend une vision moderne et vivante de cet instrument fascinant, \u00e0 la crois\u00e9e du pass\u00e9 et du pr\u00e9sent.<\/div><\/div><\/div><\/div><div class=\"gt-col\"><div class=\"gt-inner\"><div class=\"gt-event-style-1\" data-event-id=\"6507\"><div class=\"gt-image\"><a href=\"https:\/\/scenesennord.com\/dp78842-ovh\/index.php\/event\/sara-zaccarelli-alberto-marsico-organ-trio\/\"><img decoding=\"async\" width=\"453\" height=\"208\" src=\"https:\/\/scenesennord.com\/wp-content\/uploads\/2026\/04\/visuel-double-sara-et-alberto.png\" class=\"attachment-eventchamp-event-list size-eventchamp-event-list wp-post-image\" alt=\"\" srcset=\"https:\/\/scenesennord.com\/wp-content\/uploads\/2026\/04\/visuel-double-sara-et-alberto.png 453w, https:\/\/scenesennord.com\/wp-content\/uploads\/2026\/04\/visuel-double-sara-et-alberto-300x138.png 300w\" sizes=\"(max-width: 453px) 100vw, 453px\" \/><\/a><div class=\"gt-event-status\">A venir<\/div><\/div><div class=\"gt-title\"><a href=\"https:\/\/scenesennord.com\/dp78842-ovh\/index.php\/event\/sara-zaccarelli-alberto-marsico-organ-trio\/\">SARA ZACCARELLI &amp; ALBERTO MARSICO ORGAN TRIO<\/a><\/div><div class=\"gt-details\"><div class=\"gt-category\"><ul><li class=\"gt-category-141\"><a href=\"https:\/\/scenesennord.com\/dp78842-ovh\/index.php\/eventcat\/blues\/?post_type=event\">BLUES<\/a><\/li><li class=\"gt-category-187\"><a href=\"https:\/\/scenesennord.com\/dp78842-ovh\/index.php\/eventcat\/soul\/?post_type=event\">SOUL<\/a><\/li><\/ul><\/div><div class=\"gt-date gt-start-date\"><svg xmlns=\"http:\/\/www.w3.org\/2000\/svg\" viewBox=\"0 0 24 24\" fill=\"none\" stroke=\"currentColor\" stroke-width=\"2\" stroke-linecap=\"round\" stroke-linejoin=\"round\"><rect x=\"3\" y=\"4\" width=\"18\" height=\"18\" rx=\"2\" ry=\"2\"><\/rect><line x1=\"16\" y1=\"2\" x2=\"16\" y2=\"6\"><\/line><line x1=\"8\" y1=\"2\" x2=\"8\" y2=\"6\"><\/line><line x1=\"3\" y1=\"10\" x2=\"21\" y2=\"10\"><\/line><\/svg><span>6 mai 2026<\/span><\/div><div class=\"gt-location\"><svg xmlns=\"http:\/\/www.w3.org\/2000\/svg\" viewBox=\"0 0 24 24\" fill=\"none\" stroke=\"currentColor\" stroke-width=\"2\" stroke-linecap=\"round\" stroke-linejoin=\"round\"><path d=\"M21 10c0 7-9 13-9 13s-9-6-9-13a9 9 0 0 1 18 0z\"><\/path><circle cx=\"12\" cy=\"10\" r=\"3\"><\/circle><\/svg><ul><li class=\"gt-location-335\"><a href=\"https:\/\/scenesennord.com\/dp78842-ovh\/index.php\/location\/galerie-septentrion\/?post_type=event\">GALERIE SEPTENTRION<\/a><\/li><\/ul><\/div><\/div><div class=\"gt-text\">Ces 4 artistes reviennent d'Italie dans le festival SEVEN NIGHTS TO BLUES FESTIVAL & Sc\u00e8nes en Nord apr\u00e8s les deux fabuleux concerts qu'ils ont donn\u00e9 en 2025 \u00e0 Wambrechies<\/div><\/div><\/div><\/div><div class=\"gt-col\"><div class=\"gt-inner\"><div class=\"gt-event-style-1\" data-event-id=\"6481\"><div class=\"gt-image\"><a href=\"https:\/\/scenesennord.com\/dp78842-ovh\/index.php\/event\/vivaldi-bach-un-monde-de-lumiere-2\/\"><img decoding=\"async\" width=\"952\" height=\"579\" src=\"https:\/\/scenesennord.com\/wp-content\/uploads\/2026\/03\/LES-4-ARTISTES-952x579.png\" class=\"attachment-eventchamp-event-list size-eventchamp-event-list wp-post-image\" alt=\"\" srcset=\"https:\/\/scenesennord.com\/wp-content\/uploads\/2026\/03\/LES-4-ARTISTES-952x579.png 952w, https:\/\/scenesennord.com\/wp-content\/uploads\/2026\/03\/LES-4-ARTISTES-130x80.png 130w\" sizes=\"(max-width: 952px) 100vw, 952px\" \/><\/a><div class=\"gt-event-status\">A venir<\/div><\/div><div class=\"gt-title\"><a href=\"https:\/\/scenesennord.com\/dp78842-ovh\/index.php\/event\/vivaldi-bach-un-monde-de-lumiere-2\/\">BLUES &amp; SOUL &#8211; ALBERTO MARSICO et SARA ZACCARELLI<\/a><\/div><div class=\"gt-details\"><div class=\"gt-category\"><ul><li class=\"gt-category-141\"><a href=\"https:\/\/scenesennord.com\/dp78842-ovh\/index.php\/eventcat\/blues\/?post_type=event\">BLUES<\/a><\/li><li class=\"gt-category-187\"><a href=\"https:\/\/scenesennord.com\/dp78842-ovh\/index.php\/eventcat\/soul\/?post_type=event\">SOUL<\/a><\/li><\/ul><\/div><div class=\"gt-date gt-start-date\"><svg xmlns=\"http:\/\/www.w3.org\/2000\/svg\" viewBox=\"0 0 24 24\" fill=\"none\" stroke=\"currentColor\" stroke-width=\"2\" stroke-linecap=\"round\" stroke-linejoin=\"round\"><rect x=\"3\" y=\"4\" width=\"18\" height=\"18\" rx=\"2\" ry=\"2\"><\/rect><line x1=\"16\" y1=\"2\" x2=\"16\" y2=\"6\"><\/line><line x1=\"8\" y1=\"2\" x2=\"8\" y2=\"6\"><\/line><line x1=\"3\" y1=\"10\" x2=\"21\" y2=\"10\"><\/line><\/svg><span>7 mai 2026<\/span><\/div><div class=\"gt-location\"><svg xmlns=\"http:\/\/www.w3.org\/2000\/svg\" viewBox=\"0 0 24 24\" fill=\"none\" stroke=\"currentColor\" stroke-width=\"2\" stroke-linecap=\"round\" stroke-linejoin=\"round\"><path d=\"M21 10c0 7-9 13-9 13s-9-6-9-13a9 9 0 0 1 18 0z\"><\/path><circle cx=\"12\" cy=\"10\" r=\"3\"><\/circle><\/svg><ul><li class=\"gt-location-394\"><a href=\"https:\/\/scenesennord.com\/dp78842-ovh\/index.php\/location\/salle-luniverselle\/?post_type=event\">SALLE L&#039;UNIVERSELLE<\/a><\/li><\/ul><\/div><\/div><div class=\"gt-text\">Alberto Marsico, l\u2019un des ma\u00eetres les plus respect\u00e9s de l\u2019orgue de blues en Europe, invite la merveilleuse chanteuse italienne Sara Zaccarelli pour ce concert o\u00f9 4 artistes italiens \u201cen or\u201d interpr\u00e8tent une <\/div><\/div><\/div><\/div><div class=\"gt-col\"><div class=\"gt-inner\"><div class=\"gt-event-style-1\" data-event-id=\"6492\"><div class=\"gt-image\"><a href=\"https:\/\/scenesennord.com\/dp78842-ovh\/index.php\/event\/kanzy\/\"><img loading=\"lazy\" decoding=\"async\" width=\"952\" height=\"579\" src=\"https:\/\/scenesennord.com\/wp-content\/uploads\/2026\/03\/KANZY-952x579.jpg\" class=\"attachment-eventchamp-event-list size-eventchamp-event-list wp-post-image\" alt=\"\" srcset=\"https:\/\/scenesennord.com\/wp-content\/uploads\/2026\/03\/KANZY-952x579.jpg 952w, https:\/\/scenesennord.com\/wp-content\/uploads\/2026\/03\/KANZY-130x80.jpg 130w\" sizes=\"(max-width: 952px) 100vw, 952px\" \/><\/a><div class=\"gt-event-status\">A venir<\/div><\/div><div class=\"gt-title\"><a href=\"https:\/\/scenesennord.com\/dp78842-ovh\/index.php\/event\/kanzy\/\">Kanzy<\/a><\/div><div class=\"gt-details\"><div class=\"gt-category\"><ul><li class=\"gt-category-141\"><a href=\"https:\/\/scenesennord.com\/dp78842-ovh\/index.php\/eventcat\/blues\/?post_type=event\">BLUES<\/a><\/li><li class=\"gt-category-395\"><a href=\"https:\/\/scenesennord.com\/dp78842-ovh\/index.php\/eventcat\/blues-electrique\/?post_type=event\">BLUES ELECTRIQUE<\/a><\/li><\/ul><\/div><div class=\"gt-date gt-start-date\"><svg xmlns=\"http:\/\/www.w3.org\/2000\/svg\" viewBox=\"0 0 24 24\" fill=\"none\" stroke=\"currentColor\" stroke-width=\"2\" stroke-linecap=\"round\" stroke-linejoin=\"round\"><rect x=\"3\" y=\"4\" width=\"18\" height=\"18\" rx=\"2\" ry=\"2\"><\/rect><line x1=\"16\" y1=\"2\" x2=\"16\" y2=\"6\"><\/line><line x1=\"8\" y1=\"2\" x2=\"8\" y2=\"6\"><\/line><line x1=\"3\" y1=\"10\" x2=\"21\" y2=\"10\"><\/line><\/svg><span>29 mai 2026<\/span><\/div><div class=\"gt-location\"><svg xmlns=\"http:\/\/www.w3.org\/2000\/svg\" viewBox=\"0 0 24 24\" fill=\"none\" stroke=\"currentColor\" stroke-width=\"2\" stroke-linecap=\"round\" stroke-linejoin=\"round\"><path d=\"M21 10c0 7-9 13-9 13s-9-6-9-13a9 9 0 0 1 18 0z\"><\/path><circle cx=\"12\" cy=\"10\" r=\"3\"><\/circle><\/svg><ul><li class=\"gt-location-192\"><a href=\"https:\/\/scenesennord.com\/dp78842-ovh\/index.php\/location\/au-tiers-lieu-culturel-le-ceanothe\/?post_type=event\">Au tiers lieu culturel \u00ab LE CEANOTHE \u00bb<\/a><\/li><\/ul><\/div><\/div><div class=\"gt-text\">KANSY, c\u2019est un hommage aux anc\u00eatres, un retour aux sources et aux sonorit\u00e9s traditionnelles de la musique africaine, avec unsoup\u00e7on de modernit\u00e9.<\/div><\/div><\/div><\/div><div class=\"gt-col\"><div class=\"gt-inner\"><div class=\"gt-event-style-1\" data-event-id=\"6497\"><div class=\"gt-image\"><a href=\"https:\/\/scenesennord.com\/dp78842-ovh\/index.php\/event\/reverend-kleb-and-the-preachers\/\"><img loading=\"lazy\" decoding=\"async\" width=\"640\" height=\"579\" src=\"https:\/\/scenesennord.com\/wp-content\/uploads\/2026\/03\/Reverend-kleb-640x579.jpg\" class=\"attachment-eventchamp-event-list size-eventchamp-event-list wp-post-image\" alt=\"\" \/><\/a><div class=\"gt-event-status\">A venir<\/div><\/div><div class=\"gt-title\"><a href=\"https:\/\/scenesennord.com\/dp78842-ovh\/index.php\/event\/reverend-kleb-and-the-preachers\/\">Reverend kleb and The Preachers<\/a><\/div><div class=\"gt-details\"><div class=\"gt-category\"><ul><li class=\"gt-category-141\"><a href=\"https:\/\/scenesennord.com\/dp78842-ovh\/index.php\/eventcat\/blues\/?post_type=event\">BLUES<\/a><\/li><li class=\"gt-category-395\"><a href=\"https:\/\/scenesennord.com\/dp78842-ovh\/index.php\/eventcat\/blues-electrique\/?post_type=event\">BLUES ELECTRIQUE<\/a><\/li><\/ul><\/div><div class=\"gt-date gt-start-date\"><svg xmlns=\"http:\/\/www.w3.org\/2000\/svg\" viewBox=\"0 0 24 24\" fill=\"none\" stroke=\"currentColor\" stroke-width=\"2\" stroke-linecap=\"round\" stroke-linejoin=\"round\"><rect x=\"3\" y=\"4\" width=\"18\" height=\"18\" rx=\"2\" ry=\"2\"><\/rect><line x1=\"16\" y1=\"2\" x2=\"16\" y2=\"6\"><\/line><line x1=\"8\" y1=\"2\" x2=\"8\" y2=\"6\"><\/line><line x1=\"3\" y1=\"10\" x2=\"21\" y2=\"10\"><\/line><\/svg><span>26 juin 2026<\/span><\/div><div class=\"gt-location\"><svg xmlns=\"http:\/\/www.w3.org\/2000\/svg\" viewBox=\"0 0 24 24\" fill=\"none\" stroke=\"currentColor\" stroke-width=\"2\" stroke-linecap=\"round\" stroke-linejoin=\"round\"><path d=\"M21 10c0 7-9 13-9 13s-9-6-9-13a9 9 0 0 1 18 0z\"><\/path><circle cx=\"12\" cy=\"10\" r=\"3\"><\/circle><\/svg><ul><li class=\"gt-location-192\"><a href=\"https:\/\/scenesennord.com\/dp78842-ovh\/index.php\/location\/au-tiers-lieu-culturel-le-ceanothe\/?post_type=event\">Au tiers lieu culturel \u00ab LE CEANOTHE \u00bb<\/a><\/li><\/ul><\/div><\/div><div class=\"gt-text\">Reverend Kleb &amp; The Preachers, c\u2019est du blues en fran\u00e7ais, rugueux et chaleureux, qui raconte la vie des gens ordinaires et les travers de notre monde.<\/div><\/div><\/div><\/div><\/div><\/div>[\/vc_column][\/vc_row]<\/p>\n","protected":false},"excerpt":{"rendered":"<p>[vc_row full_width=\u00a0\u00bbstretch_row_content_no_spaces\u00a0\u00bb overflow-status=\u00a0\u00bbgt-overflow-visible\u00a0\u00bb][vc_column][vc_empty_space height=\u00a0\u00bb20px\u00a0\u00bb][\/vc_column][\/vc_row][vc_row][vc_column][vc_row_inner disable_element=\u00a0\u00bbyes\u00a0\u00bb][vc_column_inner width=\u00a0\u00bb1\/3&Prime;][\/vc_column_inner][vc_column_inner width=\u00a0\u00bb1\/3&Prime;][\/vc_column_inner][vc_column_inner width=\u00a0\u00bb1\/3&Prime;][\/vc_column_inner][\/vc_row_inner][vc_empty_space height=\u00a0\u00bb30px\u00a0\u00bb][\/vc_column][\/vc_row]<\/p>\n","protected":false},"author":1,"featured_media":0,"parent":0,"menu_order":0,"comment_status":"closed","ping_status":"closed","template":"","meta":{"_editorskit_title_hidden":false,"_editorskit_reading_time":0,"_editorskit_is_block_options_detached":false,"_editorskit_block_options_position":"{}","footnotes":""},"class_list":["post-3800","page","type-page","status-publish","hentry"],"_links":{"self":[{"href":"https:\/\/scenesennord.com\/dp78842-ovh\/index.php\/wp-json\/wp\/v2\/pages\/3800","targetHints":{"allow":["GET"]}}],"collection":[{"href":"https:\/\/scenesennord.com\/dp78842-ovh\/index.php\/wp-json\/wp\/v2\/pages"}],"about":[{"href":"https:\/\/scenesennord.com\/dp78842-ovh\/index.php\/wp-json\/wp\/v2\/types\/page"}],"author":[{"embeddable":true,"href":"https:\/\/scenesennord.com\/dp78842-ovh\/index.php\/wp-json\/wp\/v2\/users\/1"}],"replies":[{"embeddable":true,"href":"https:\/\/scenesennord.com\/dp78842-ovh\/index.php\/wp-json\/wp\/v2\/comments?post=3800"}],"version-history":[{"count":10,"href":"https:\/\/scenesennord.com\/dp78842-ovh\/index.php\/wp-json\/wp\/v2\/pages\/3800\/revisions"}],"predecessor-version":[{"id":3804,"href":"https:\/\/scenesennord.com\/dp78842-ovh\/index.php\/wp-json\/wp\/v2\/pages\/3800\/revisions\/3804"}],"wp:attachment":[{"href":"https:\/\/scenesennord.com\/dp78842-ovh\/index.php\/wp-json\/wp\/v2\/media?parent=3800"}],"curies":[{"name":"wp","href":"https:\/\/api.w.org\/{rel}","templated":true}]}}