{"id":3738,"date":"2022-08-31T20:54:01","date_gmt":"2022-08-31T18:54:01","guid":{"rendered":"https:\/\/scenesennord.com\/dp78842-ovh\/?page_id=3738"},"modified":"2024-01-11T20:18:49","modified_gmt":"2024-01-11T19:18:49","slug":"calendrier-2022","status":"publish","type":"page","link":"https:\/\/scenesennord.com\/dp78842-ovh\/index.php\/calendrier-2022\/","title":{"rendered":"Calendrier 2022"},"content":{"rendered":"<p>[vc_row disable_element=\u00a0\u00bbyes\u00a0\u00bb][vc_column]<div class=\"gt-heading gt-dark gt-size1 gt-align-center\"><div class=\"gt-title\">\u00c9v\u00e9nements \u00e0 venir<\/div><div class=\"gt-separate\"><svg xmlns=\"http:\/\/www.w3.org\/2000\/svg\" viewBox=\"0 0 24 24\" fill=\"none\" stroke=\"currentColor\" stroke-width=\"2\" stroke-linecap=\"round\" stroke-linejoin=\"round\"><path d=\"M21 16V8a2 2 0 0 0-1-1.73l-7-4a2 2 0 0 0-2 0l-7 4A2 2 0 0 0 3 8v8a2 2 0 0 0 1 1.73l7 4a2 2 0 0 0 2 0l7-4A2 2 0 0 0 21 16z\"><\/path><polyline points=\"3.27 6.96 12 12.01 20.73 6.96\"><\/polyline><line x1=\"12\" y1=\"22.08\" x2=\"12\" y2=\"12\"><\/line><\/svg><\/div><\/div>[vc_empty_space]<div class=\"gt-events-calendar gt-style-2\"><div class=\"gt-calendar\"><\/div><\/div>[\/vc_column][\/vc_row][vc_row][vc_column]<div class=\"gt-events-calendar gt-style-1\"><div class=\"gt-calendar\"><\/div><\/div>[\/vc_column][\/vc_row]<\/p>\n","protected":false},"excerpt":{"rendered":"<p>[vc_row disable_element=\u00a0\u00bbyes\u00a0\u00bb][vc_column][vc_empty_space][\/vc_column][\/vc_row][vc_row][vc_column][\/vc_column][\/vc_row]<\/p>\n","protected":false},"author":1,"featured_media":0,"parent":0,"menu_order":0,"comment_status":"closed","ping_status":"closed","template":"","meta":{"_editorskit_title_hidden":false,"_editorskit_reading_time":0,"_editorskit_is_block_options_detached":false,"_editorskit_block_options_position":"{}","footnotes":""},"class_list":["post-3738","page","type-page","status-publish","hentry"],"_links":{"self":[{"href":"https:\/\/scenesennord.com\/dp78842-ovh\/index.php\/wp-json\/wp\/v2\/pages\/3738","targetHints":{"allow":["GET"]}}],"collection":[{"href":"https:\/\/scenesennord.com\/dp78842-ovh\/index.php\/wp-json\/wp\/v2\/pages"}],"about":[{"href":"https:\/\/scenesennord.com\/dp78842-ovh\/index.php\/wp-json\/wp\/v2\/types\/page"}],"author":[{"embeddable":true,"href":"https:\/\/scenesennord.com\/dp78842-ovh\/index.php\/wp-json\/wp\/v2\/users\/1"}],"replies":[{"embeddable":true,"href":"https:\/\/scenesennord.com\/dp78842-ovh\/index.php\/wp-json\/wp\/v2\/comments?post=3738"}],"version-history":[{"count":9,"href":"https:\/\/scenesennord.com\/dp78842-ovh\/index.php\/wp-json\/wp\/v2\/pages\/3738\/revisions"}],"predecessor-version":[{"id":4635,"href":"https:\/\/scenesennord.com\/dp78842-ovh\/index.php\/wp-json\/wp\/v2\/pages\/3738\/revisions\/4635"}],"wp:attachment":[{"href":"https:\/\/scenesennord.com\/dp78842-ovh\/index.php\/wp-json\/wp\/v2\/media?parent=3738"}],"curies":[{"name":"wp","href":"https:\/\/api.w.org\/{rel}","templated":true}]}}