{"id":3411,"date":"2022-08-14T21:16:56","date_gmt":"2022-08-14T19:16:56","guid":{"rendered":"https:\/\/scenesu.cluster030.hosting.ovh.net\/dp78842-ovh\/?page_id=3411"},"modified":"2022-09-02T03:19:43","modified_gmt":"2022-09-02T01:19:43","slug":"nous-contacter","status":"publish","type":"page","link":"https:\/\/scenesennord.com\/dp78842-ovh\/index.php\/nous-contacter\/","title":{"rendered":"Nous contacter"},"content":{"rendered":"<p>[vc_row full_width=\u00a0\u00bbstretch_row\u00a0\u00bb css_animation=\u00a0\u00bbnone\u00a0\u00bb][vc_column offset=\u00a0\u00bbvc_col-lg-2 vc_col-md-2 vc_hidden-sm vc_col-xs-12 vc_hidden-xs\u00a0\u00bb][\/vc_column][vc_column offset=\u00a0\u00bbvc_col-lg-8 vc_col-md-8 vc_col-xs-12&Prime;][vc_column_text css=\u00a0\u00bb.vc_custom_1661974391469{margin-bottom: 0px !important;}\u00a0\u00bb]<\/p>\n<div class=\"wpb_text_column wpb_content_element\">\n<div class=\"wpb_wrapper\">\n<h4 style=\"text-align: center;\">Bienvenue sur la page de contact du festival <strong>Sc\u00e8nes en Nord<\/strong><\/h4>\n<h3 style=\"text-align: center;\"><strong>+33 7 68 89 62 60<\/strong><\/h3>\n<p style=\"text-align: center;\"><strong><a href=\"mailto:culturesnouvelles@yahoo.com\">culturesnouvelles@yahoo.com<\/a><\/strong><\/p>\n<p style=\"text-align: center; color: red;\"><strong>En cas d&rsquo;urgence, merci de pr\u00e9f\u00e9rer le SMS sur la ligne t\u00e9l\u00e9phonique.<\/strong><\/p>\n<\/div>\n<\/div>\n<p>[\/vc_column_text][vc_empty_space height=\u00a0\u00bb60&Prime;]\n<div class=\"wpcf7 no-js\" id=\"wpcf7-f3208-o1\" lang=\"en-US\" dir=\"ltr\" data-wpcf7-id=\"3208\">\n<div class=\"screen-reader-response\"><p role=\"status\" aria-live=\"polite\" aria-atomic=\"true\"><\/p> <ul><\/ul><\/div>\n<form action=\"\/dp78842-ovh\/index.php\/wp-json\/wp\/v2\/pages\/3411#wpcf7-f3208-o1\" method=\"post\" class=\"wpcf7-form init\" aria-label=\"Contact form\" novalidate=\"novalidate\" data-status=\"init\">\n<fieldset class=\"hidden-fields-container\"><input type=\"hidden\" name=\"_wpcf7\" value=\"3208\" \/><input type=\"hidden\" name=\"_wpcf7_version\" value=\"6.1.5\" \/><input type=\"hidden\" name=\"_wpcf7_locale\" value=\"en_US\" \/><input type=\"hidden\" name=\"_wpcf7_unit_tag\" value=\"wpcf7-f3208-o1\" \/><input type=\"hidden\" name=\"_wpcf7_container_post\" value=\"0\" \/><input type=\"hidden\" name=\"_wpcf7_posted_data_hash\" value=\"\" \/>\n<\/fieldset>\n<div class=\"gt-columns gt-column-1 gt-column-space-15\">\n\t<div class=\"gt-col\">\n\t\t<div class=\"gt-inner\">\n\t\t\t<p><span class=\"wpcf7-form-control-wrap\" data-name=\"your-name\"><input size=\"40\" maxlength=\"400\" class=\"wpcf7-form-control wpcf7-text wpcf7-validates-as-required\" aria-required=\"true\" aria-invalid=\"false\" placeholder=\"Votre nom\" value=\"\" type=\"text\" name=\"your-name\" \/><\/span>\n\t\t\t<\/p>\n\t\t<\/div>\n\t<\/div>\n\t<div class=\"gt-col\">\n\t\t<div class=\"gt-inner\">\n\t\t\t<p><span class=\"wpcf7-form-control-wrap\" data-name=\"your-email\"><input size=\"40\" maxlength=\"400\" class=\"wpcf7-form-control wpcf7-email wpcf7-validates-as-required wpcf7-text wpcf7-validates-as-email\" aria-required=\"true\" aria-invalid=\"false\" placeholder=\"Addresse email\" value=\"\" type=\"email\" name=\"your-email\" \/><\/span>\n\t\t\t<\/p>\n\t\t<\/div>\n\t<\/div>\n\t<div class=\"gt-col\">\n\t\t<div class=\"gt-inner\">\n\t\t\t<p><span class=\"wpcf7-form-control-wrap\" data-name=\"your-subject\"><input size=\"40\" maxlength=\"400\" class=\"wpcf7-form-control wpcf7-text wpcf7-validates-as-required\" aria-required=\"true\" aria-invalid=\"false\" placeholder=\"Sujet\" value=\"\" type=\"text\" name=\"your-subject\" \/><\/span>\n\t\t\t<\/p>\n\t\t<\/div>\n\t<\/div>\n\t<div class=\"gt-col\">\n\t\t<div class=\"gt-inner\">\n\t\t\t<p><span class=\"wpcf7-form-control-wrap\" data-name=\"your-message\"><textarea cols=\"40\" rows=\"5\" maxlength=\"2000\" class=\"wpcf7-form-control wpcf7-textarea\" aria-invalid=\"false\" placeholder=\"Votre message\" name=\"your-message\"><\/textarea><\/span>\n\t\t\t<\/p>\n\t\t<\/div>\n\t<\/div>\n\t<div class=\"gt-col\">\n\t\t<div class=\"gt-inner\">\n\t\t\t<p><span class=\"wpcf7-form-control-wrap\" data-name=\"confirmation\"><span class=\"wpcf7-form-control wpcf7-checkbox wpcf7-validates-as-required wpcf7-exclusive-checkbox gt-checkbox\"><span class=\"wpcf7-list-item first last\"><label><input type=\"checkbox\" name=\"confirmation\" value=\"J&#039;accepte que Sc\u00e8nes en Nord collecte mes coordonn\u00e9es via ce formulaire.\" \/><span class=\"wpcf7-list-item-label\">J&#039;accepte que Sc\u00e8nes en Nord collecte mes coordonn\u00e9es via ce formulaire.<\/span><\/label><\/span><\/span><\/span>\n\t\t\t<\/p>\n\t\t<\/div>\n\t<\/div>\n\t<div class=\"gt-col\">\n\t\t<div class=\"gt-inner\">\n\t\t\t<p><input class=\"wpcf7-form-control wpcf7-submit has-spinner\" type=\"submit\" value=\"Envoyer\" \/>\n\t\t\t<\/p>\n\t\t<\/div>\n\t<\/div>\n<\/div><p style=\"display: none !important;\" class=\"akismet-fields-container\" data-prefix=\"_wpcf7_ak_\"><label>&#916;<textarea name=\"_wpcf7_ak_hp_textarea\" cols=\"45\" rows=\"8\" maxlength=\"100\"><\/textarea><\/label><input type=\"hidden\" id=\"ak_js_1\" name=\"_wpcf7_ak_js\" value=\"156\"\/><script>document.getElementById( \"ak_js_1\" ).setAttribute( \"value\", ( new Date() ).getTime() );<\/script><\/p><div class=\"wpcf7-response-output\" aria-hidden=\"true\"><\/div>\n<\/form>\n<\/div>\n[vc_empty_space height=\u00a0\u00bb120px\u00a0\u00bb][\/vc_column][vc_column offset=\u00a0\u00bbvc_col-lg-2 vc_col-md-2 vc_hidden-sm vc_col-xs-12 vc_hidden-xs\u00a0\u00bb][\/vc_column][\/vc_row][vc_row full_width=\u00a0\u00bbstretch_row_content_no_spaces\u00a0\u00bb][vc_column]<div class=\"gt-map gt-google-maps\"><div id=\"google_maps\" class=\"gt-map-inner\" style=\"height:80vh\"><\/div><ul data-zoom=\"13\" data-lat=\"50.68389625896248\" data-lng=\"3.0402921110779024\" data-type=\"false\" data-scale=\"true\" data-zoom-control=\"true\" data-map-style=\"4\" data-street=\"true\" data-icon=\"https:\/\/scenesennord.com\/wp-content\/uploads\/2022\/09\/google-map-icon.png\" data-fullscreen=\"false\" data-first-info=\"false\" data-close-icon=\"\"><li data-lat=\"50.68389625896248\" data-lng=\"3.0402921110779024\" data-icon=\"https:\/\/scenesennord.com\/wp-content\/uploads\/2022\/09\/google-map-icon.png\"><\/li><\/ul><\/div>[\/vc_column][\/vc_row]<\/p>\n","protected":false},"excerpt":{"rendered":"<p>[vc_row full_width=\u00a0\u00bbstretch_row\u00a0\u00bb css_animation=\u00a0\u00bbnone\u00a0\u00bb][vc_column offset=\u00a0\u00bbvc_col-lg-2 vc_col-md-2 vc_hidden-sm vc_col-xs-12 vc_hidden-xs\u00a0\u00bb][\/vc_column][vc_column offset=\u00a0\u00bbvc_col-lg-8 vc_col-md-8 vc_col-xs-12&Prime;][vc_column_text css=\u00a0\u00bb.vc_custom_1661974391469{margin-bottom: 0px !important;}\u00a0\u00bb] Bienvenue sur la page de contact du festival Sc\u00e8nes en Nord +33 7 68 89 62 60 culturesnouvelles@yahoo.com En cas d&rsquo;urgence, merci de pr\u00e9f\u00e9rer le SMS&#8230;<\/p>\n","protected":false},"author":1,"featured_media":0,"parent":0,"menu_order":0,"comment_status":"closed","ping_status":"closed","template":"","meta":{"_editorskit_title_hidden":false,"_editorskit_reading_time":0,"_editorskit_is_block_options_detached":false,"_editorskit_block_options_position":"{}","footnotes":""},"class_list":["post-3411","page","type-page","status-publish","hentry"],"_links":{"self":[{"href":"https:\/\/scenesennord.com\/dp78842-ovh\/index.php\/wp-json\/wp\/v2\/pages\/3411","targetHints":{"allow":["GET"]}}],"collection":[{"href":"https:\/\/scenesennord.com\/dp78842-ovh\/index.php\/wp-json\/wp\/v2\/pages"}],"about":[{"href":"https:\/\/scenesennord.com\/dp78842-ovh\/index.php\/wp-json\/wp\/v2\/types\/page"}],"author":[{"embeddable":true,"href":"https:\/\/scenesennord.com\/dp78842-ovh\/index.php\/wp-json\/wp\/v2\/users\/1"}],"replies":[{"embeddable":true,"href":"https:\/\/scenesennord.com\/dp78842-ovh\/index.php\/wp-json\/wp\/v2\/comments?post=3411"}],"version-history":[{"count":14,"href":"https:\/\/scenesennord.com\/dp78842-ovh\/index.php\/wp-json\/wp\/v2\/pages\/3411\/revisions"}],"predecessor-version":[{"id":3882,"href":"https:\/\/scenesennord.com\/dp78842-ovh\/index.php\/wp-json\/wp\/v2\/pages\/3411\/revisions\/3882"}],"wp:attachment":[{"href":"https:\/\/scenesennord.com\/dp78842-ovh\/index.php\/wp-json\/wp\/v2\/media?parent=3411"}],"curies":[{"name":"wp","href":"https:\/\/api.w.org\/{rel}","templated":true}]}}